{"id":1497,"date":"2020-04-06T13:12:28","date_gmt":"2020-04-06T11:12:28","guid":{"rendered":"https:\/\/www.grupoipg.com\/?page_id=1497"},"modified":"2024-07-05T15:55:04","modified_gmt":"2024-07-05T13:55:04","slug":"blog-inmobiliarioenesteponaytarifa","status":"publish","type":"page","link":"https:\/\/www.grupoipg.com\/en\/blog-inmobiliarioenesteponaytarifa\/","title":{"rendered":"Blog"},"content":{"rendered":"<div data-elementor-type=\"wp-page\" data-elementor-id=\"1497\" class=\"elementor elementor-1497\" data-elementor-post-type=\"page\">\n\t\t\t\t\t\t<section class=\"elementor-section elementor-top-section elementor-element elementor-element-d20fe88 elementor-section-full_width elementor-section-height-default elementor-section-height-default\" data-id=\"d20fe88\" data-element_type=\"section\" data-settings=\"{&quot;jet_parallax_layout_list&quot;:[{&quot;jet_parallax_layout_image&quot;:{&quot;url&quot;:&quot;&quot;,&quot;id&quot;:&quot;&quot;,&quot;size&quot;:&quot;&quot;},&quot;_id&quot;:&quot;afbb317&quot;,&quot;jet_parallax_layout_image_tablet&quot;:{&quot;url&quot;:&quot;&quot;,&quot;id&quot;:&quot;&quot;,&quot;size&quot;:&quot;&quot;},&quot;jet_parallax_layout_image_mobile&quot;:{&quot;url&quot;:&quot;&quot;,&quot;id&quot;:&quot;&quot;,&quot;size&quot;:&quot;&quot;},&quot;jet_parallax_layout_speed&quot;:{&quot;unit&quot;:&quot;%&quot;,&quot;size&quot;:50,&quot;sizes&quot;:[]},&quot;jet_parallax_layout_type&quot;:&quot;scroll&quot;,&quot;jet_parallax_layout_direction&quot;:null,&quot;jet_parallax_layout_fx_direction&quot;:null,&quot;jet_parallax_layout_z_index&quot;:&quot;&quot;,&quot;jet_parallax_layout_bg_x&quot;:50,&quot;jet_parallax_layout_bg_x_tablet&quot;:&quot;&quot;,&quot;jet_parallax_layout_bg_x_mobile&quot;:&quot;&quot;,&quot;jet_parallax_layout_bg_y&quot;:50,&quot;jet_parallax_layout_bg_y_tablet&quot;:&quot;&quot;,&quot;jet_parallax_layout_bg_y_mobile&quot;:&quot;&quot;,&quot;jet_parallax_layout_bg_size&quot;:&quot;auto&quot;,&quot;jet_parallax_layout_bg_size_tablet&quot;:&quot;&quot;,&quot;jet_parallax_layout_bg_size_mobile&quot;:&quot;&quot;,&quot;jet_parallax_layout_animation_prop&quot;:&quot;transform&quot;,&quot;jet_parallax_layout_on&quot;:[&quot;desktop&quot;,&quot;tablet&quot;]}],&quot;background_background&quot;:&quot;classic&quot;}\">\n\t\t\t\t\t\t<div class=\"elementor-container elementor-column-gap-no\">\n\t\t\t\t\t<div class=\"elementor-column elementor-col-100 elementor-top-column elementor-element elementor-element-352671a\" data-id=\"352671a\" data-element_type=\"column\">\n\t\t\t<div class=\"elementor-widget-wrap\">\n\t\t\t\t\t\t\t<\/div>\n\t\t<\/div>\n\t\t\t\t\t<\/div>\n\t\t<\/section>\n\t\t\t\t<section class=\"elementor-section elementor-top-section elementor-element elementor-element-c4e4105 elementor-section-boxed elementor-section-height-default elementor-section-height-default\" data-id=\"c4e4105\" data-element_type=\"section\" id=\"posteados\" data-settings=\"{&quot;jet_parallax_layout_list&quot;:[{&quot;jet_parallax_layout_image&quot;:{&quot;url&quot;:&quot;&quot;,&quot;id&quot;:&quot;&quot;,&quot;size&quot;:&quot;&quot;},&quot;_id&quot;:&quot;dad96f7&quot;,&quot;jet_parallax_layout_image_tablet&quot;:{&quot;url&quot;:&quot;&quot;,&quot;id&quot;:&quot;&quot;,&quot;size&quot;:&quot;&quot;},&quot;jet_parallax_layout_image_mobile&quot;:{&quot;url&quot;:&quot;&quot;,&quot;id&quot;:&quot;&quot;,&quot;size&quot;:&quot;&quot;},&quot;jet_parallax_layout_speed&quot;:{&quot;unit&quot;:&quot;%&quot;,&quot;size&quot;:50,&quot;sizes&quot;:[]},&quot;jet_parallax_layout_type&quot;:&quot;scroll&quot;,&quot;jet_parallax_layout_direction&quot;:null,&quot;jet_parallax_layout_fx_direction&quot;:null,&quot;jet_parallax_layout_z_index&quot;:&quot;&quot;,&quot;jet_parallax_layout_bg_x&quot;:50,&quot;jet_parallax_layout_bg_x_tablet&quot;:&quot;&quot;,&quot;jet_parallax_layout_bg_x_mobile&quot;:&quot;&quot;,&quot;jet_parallax_layout_bg_y&quot;:50,&quot;jet_parallax_layout_bg_y_tablet&quot;:&quot;&quot;,&quot;jet_parallax_layout_bg_y_mobile&quot;:&quot;&quot;,&quot;jet_parallax_layout_bg_size&quot;:&quot;auto&quot;,&quot;jet_parallax_layout_bg_size_tablet&quot;:&quot;&quot;,&quot;jet_parallax_layout_bg_size_mobile&quot;:&quot;&quot;,&quot;jet_parallax_layout_animation_prop&quot;:&quot;transform&quot;,&quot;jet_parallax_layout_on&quot;:[&quot;desktop&quot;,&quot;tablet&quot;]}]}\">\n\t\t\t\t\t\t<div class=\"elementor-container elementor-column-gap-default\">\n\t\t\t\t\t<div class=\"elementor-column elementor-col-100 elementor-top-column elementor-element elementor-element-7c88d8c\" data-id=\"7c88d8c\" data-element_type=\"column\">\n\t\t\t<div class=\"elementor-widget-wrap elementor-element-populated\">\n\t\t\t\t\t\t<div class=\"elementor-element elementor-element-2afc051 elementor-widget elementor-widget-heading\" data-id=\"2afc051\" data-element_type=\"widget\" data-widget_type=\"heading.default\">\n\t\t\t\t<div class=\"elementor-widget-container\">\n\t\t\t\t\t<h1 class=\"elementor-heading-title elementor-size-default\">IPG real estate blog<\/h1>\t\t\t\t<\/div>\n\t\t\t\t<\/div>\n\t\t\t\t<div class=\"elementor-element elementor-element-aafa362 elementor-widget elementor-widget-text-editor\" data-id=\"aafa362\" data-element_type=\"widget\" data-widget_type=\"text-editor.default\">\n\t\t\t\t<div class=\"elementor-widget-container\">\n\t\t\t\t\t\t\t\t\t<p style=\"text-align: left;\">Find the latest news related to the real estate sector. Events, tips and tricks from the real estate sector that will surely help you to better understand how the sector works.\u00a0<\/p>\t\t\t\t\t\t\t\t<\/div>\n\t\t\t\t<\/div>\n\t\t\t\t<div class=\"elementor-element elementor-element-47eb442 elementor-grid-3 elementor-grid-tablet-2 elementor-grid-mobile-1 elementor-posts--thumbnail-top elementor-widget elementor-widget-posts\" data-id=\"47eb442\" data-element_type=\"widget\" data-settings=\"{&quot;classic_masonry&quot;:&quot;yes&quot;,&quot;pagination_type&quot;:&quot;prev_next&quot;,&quot;classic_columns&quot;:&quot;3&quot;,&quot;classic_columns_tablet&quot;:&quot;2&quot;,&quot;classic_columns_mobile&quot;:&quot;1&quot;,&quot;classic_row_gap&quot;:{&quot;unit&quot;:&quot;px&quot;,&quot;size&quot;:35,&quot;sizes&quot;:[]},&quot;classic_row_gap_tablet&quot;:{&quot;unit&quot;:&quot;px&quot;,&quot;size&quot;:&quot;&quot;,&quot;sizes&quot;:[]},&quot;classic_row_gap_mobile&quot;:{&quot;unit&quot;:&quot;px&quot;,&quot;size&quot;:&quot;&quot;,&quot;sizes&quot;:[]}}\" data-widget_type=\"posts.classic\">\n\t\t\t\t<div class=\"elementor-widget-container\">\n\t\t\t\t\t\t\t<div class=\"elementor-posts-container elementor-posts elementor-posts--skin-classic elementor-grid\">\n\t\t\t\t<article class=\"elementor-post elementor-grid-item post-32187 post type-post status-publish format-standard has-post-thumbnail hentry category-tarifa\">\n\t\t\t\t<a class=\"elementor-post__thumbnail__link\" href=\"https:\/\/www.grupoipg.com\/en\/7-ventajas-de-vivir-en-tarifa\/\" tabindex=\"-1\">\n\t\t\t<div class=\"elementor-post__thumbnail\"><img fetchpriority=\"high\" decoding=\"async\" width=\"768\" height=\"512\" src=\"https:\/\/www.grupoipg.com\/wp-content\/uploads\/2024\/07\/vista-pueblo-tarifa-playa_default-768x512.webp\" class=\"attachment-medium_large size-medium_large wp-image-32191\" alt=\"Tarifa inmobiliaria playa casa\" srcset=\"https:\/\/www.grupoipg.com\/wp-content\/uploads\/2024\/07\/vista-pueblo-tarifa-playa_default-768x512.webp 768w, https:\/\/www.grupoipg.com\/wp-content\/uploads\/2024\/07\/vista-pueblo-tarifa-playa_default-300x200.webp 300w, https:\/\/www.grupoipg.com\/wp-content\/uploads\/2024\/07\/vista-pueblo-tarifa-playa_default-1536x1024.webp 1536w, https:\/\/www.grupoipg.com\/wp-content\/uploads\/2024\/07\/vista-pueblo-tarifa-playa_default-2048x1365.webp 2048w, https:\/\/www.grupoipg.com\/wp-content\/uploads\/2024\/07\/vista-pueblo-tarifa-playa_default-18x12.webp 18w\" sizes=\"(max-width: 768px) 100vw, 768px\" \/><\/div>\n\t\t<\/a>\n\t\t\t\t<div class=\"elementor-post__text\">\n\t\t\t\t<h3 class=\"elementor-post__title\">\n\t\t\t<a href=\"https:\/\/www.grupoipg.com\/en\/7-ventajas-de-vivir-en-tarifa\/\">\n\t\t\t\t7 Ventajas de Vivir en Tarifa: Un Para\u00edso en la Costa Gaditana\t\t\t<\/a>\n\t\t<\/h3>\n\t\t\t\t<div class=\"elementor-post__meta-data\">\n\t\t\t\t\t<span class=\"elementor-post-date\">\n\t\t\t08\/12\/2025\t\t<\/span>\n\t\t\t\t<span class=\"elementor-post-time\">\n\t\t\t10:58\t\t<\/span>\n\t\t\t\t<\/div>\n\t\t\t\t<div class=\"elementor-post__excerpt\">\n\t\t\t<p>Ubicada en el extremo m\u00e1s meridional de la pen\u00ednsula ib\u00e9rica,<\/p>\n\t\t<\/div>\n\t\t\n\t\t<a class=\"elementor-post__read-more\" href=\"https:\/\/www.grupoipg.com\/en\/7-ventajas-de-vivir-en-tarifa\/\" aria-label=\"Read more about 7 Ventajas de Vivir en Tarifa: Un Para\u00edso en la Costa Gaditana\" tabindex=\"-1\">\n\t\t\tRead More &gt;&gt;\t\t<\/a>\n\n\t\t\t\t<\/div>\n\t\t\t\t<\/article>\n\t\t\t\t<article class=\"elementor-post elementor-grid-item post-36854 post type-post status-publish format-standard has-post-thumbnail hentry category-sin-categoria\">\n\t\t\t\t<a class=\"elementor-post__thumbnail__link\" href=\"https:\/\/www.grupoipg.com\/en\/comprar-y-alquilar-viviendas-en-estepona\/\" tabindex=\"-1\">\n\t\t\t<div class=\"elementor-post__thumbnail\"><img decoding=\"async\" width=\"768\" height=\"461\" src=\"https:\/\/www.grupoipg.com\/wp-content\/uploads\/2025\/07\/estepona-1-768x461.webp\" class=\"attachment-medium_large size-medium_large wp-image-37496\" alt=\"Comprar y alquilar casas en Estepona\" srcset=\"https:\/\/www.grupoipg.com\/wp-content\/uploads\/2025\/07\/estepona-1-768x461.webp 768w, https:\/\/www.grupoipg.com\/wp-content\/uploads\/2025\/07\/estepona-1-300x180.webp 300w, https:\/\/www.grupoipg.com\/wp-content\/uploads\/2025\/07\/estepona-1-1536x922.webp 1536w, https:\/\/www.grupoipg.com\/wp-content\/uploads\/2025\/07\/estepona-1-18x12.webp 18w, https:\/\/www.grupoipg.com\/wp-content\/uploads\/2025\/07\/estepona-1.webp 1920w\" sizes=\"(max-width: 768px) 100vw, 768px\" \/><\/div>\n\t\t<\/a>\n\t\t\t\t<div class=\"elementor-post__text\">\n\t\t\t\t<h3 class=\"elementor-post__title\">\n\t\t\t<a href=\"https:\/\/www.grupoipg.com\/en\/comprar-y-alquilar-viviendas-en-estepona\/\">\n\t\t\t\tC\u00f3mo comprar y alquilar viviendas en Estepona: Gu\u00eda pr\u00e1ctica para invertir o vivir en la Costa del Sol\t\t\t<\/a>\n\t\t<\/h3>\n\t\t\t\t<div class=\"elementor-post__meta-data\">\n\t\t\t\t\t<span class=\"elementor-post-date\">\n\t\t\t08\/06\/2025\t\t<\/span>\n\t\t\t\t<span class=\"elementor-post-time\">\n\t\t\t11:12\t\t<\/span>\n\t\t\t\t<\/div>\n\t\t\t\t<div class=\"elementor-post__excerpt\">\n\t\t\t<p>Estepona se ha convertido en uno de los destinos m\u00e1s<\/p>\n\t\t<\/div>\n\t\t\n\t\t<a class=\"elementor-post__read-more\" href=\"https:\/\/www.grupoipg.com\/en\/comprar-y-alquilar-viviendas-en-estepona\/\" aria-label=\"Read more about C\u00f3mo comprar y alquilar viviendas en Estepona: Gu\u00eda pr\u00e1ctica para invertir o vivir en la Costa del Sol\" tabindex=\"-1\">\n\t\t\tRead More &gt;&gt;\t\t<\/a>\n\n\t\t\t\t<\/div>\n\t\t\t\t<\/article>\n\t\t\t\t<article class=\"elementor-post elementor-grid-item post-35483 post type-post status-publish format-standard has-post-thumbnail hentry category-sin-categoria\">\n\t\t\t\t<a class=\"elementor-post__thumbnail__link\" href=\"https:\/\/www.grupoipg.com\/en\/maneras-de-cuidar-tu-jardin-para-mantenerlo-ideal\/\" tabindex=\"-1\">\n\t\t\t<div class=\"elementor-post__thumbnail\"><img decoding=\"async\" width=\"736\" height=\"1103\" src=\"https:\/\/www.grupoipg.com\/wp-content\/uploads\/2025\/06\/descarga-4.jpg\" class=\"attachment-medium_large size-medium_large wp-image-35526\" alt=\"Jard\u00edn\" srcset=\"https:\/\/www.grupoipg.com\/wp-content\/uploads\/2025\/06\/descarga-4.jpg 736w, https:\/\/www.grupoipg.com\/wp-content\/uploads\/2025\/06\/descarga-4-200x300.jpg 200w, https:\/\/www.grupoipg.com\/wp-content\/uploads\/2025\/06\/descarga-4-8x12.jpg 8w\" sizes=\"(max-width: 736px) 100vw, 736px\" \/><\/div>\n\t\t<\/a>\n\t\t\t\t<div class=\"elementor-post__text\">\n\t\t\t\t<h3 class=\"elementor-post__title\">\n\t\t\t<a href=\"https:\/\/www.grupoipg.com\/en\/maneras-de-cuidar-tu-jardin-para-mantenerlo-ideal\/\">\n\t\t\t\t6 maneras de cuidar tu jard\u00edn para mantenerlo ideal\t\t\t<\/a>\n\t\t<\/h3>\n\t\t\t\t<div class=\"elementor-post__meta-data\">\n\t\t\t\t\t<span class=\"elementor-post-date\">\n\t\t\t06\/24\/2025\t\t<\/span>\n\t\t\t\t<span class=\"elementor-post-time\">\n\t\t\t11:37\t\t<\/span>\n\t\t\t\t<\/div>\n\t\t\t\t<div class=\"elementor-post__excerpt\">\n\t\t\t<p>Tener un jard\u00edn no es solo una cuesti\u00f3n est\u00e9tica, sino tambi\u00e9n una forma de conectar con la naturaleza, reducir el estr\u00e9s y contribuir al medio ambiente.<\/p>\n\t\t<\/div>\n\t\t\n\t\t<a class=\"elementor-post__read-more\" href=\"https:\/\/www.grupoipg.com\/en\/maneras-de-cuidar-tu-jardin-para-mantenerlo-ideal\/\" aria-label=\"Read more about 6 maneras de cuidar tu jard\u00edn para mantenerlo ideal\" tabindex=\"-1\">\n\t\t\tRead More &gt;&gt;\t\t<\/a>\n\n\t\t\t\t<\/div>\n\t\t\t\t<\/article>\n\t\t\t\t<article class=\"elementor-post elementor-grid-item post-35065 post type-post status-publish format-standard has-post-thumbnail hentry category-sin-categoria\">\n\t\t\t\t<a class=\"elementor-post__thumbnail__link\" href=\"https:\/\/www.grupoipg.com\/en\/las-8-sillas-mas-iconicas-del-siglo-20\/\" tabindex=\"-1\">\n\t\t\t<div class=\"elementor-post__thumbnail\"><img loading=\"lazy\" decoding=\"async\" width=\"768\" height=\"432\" src=\"https:\/\/www.grupoipg.com\/wp-content\/uploads\/2025\/06\/Diseno-sin-titulo-768x432.png\" class=\"attachment-medium_large size-medium_large wp-image-35100\" alt=\"Sillas ic\u00f3nicas\" srcset=\"https:\/\/www.grupoipg.com\/wp-content\/uploads\/2025\/06\/Diseno-sin-titulo-768x432.png 768w, https:\/\/www.grupoipg.com\/wp-content\/uploads\/2025\/06\/Diseno-sin-titulo-300x169.png 300w, https:\/\/www.grupoipg.com\/wp-content\/uploads\/2025\/06\/Diseno-sin-titulo-1536x864.png 1536w, https:\/\/www.grupoipg.com\/wp-content\/uploads\/2025\/06\/Diseno-sin-titulo-18x10.png 18w, https:\/\/www.grupoipg.com\/wp-content\/uploads\/2025\/06\/Diseno-sin-titulo.png 1920w\" sizes=\"(max-width: 768px) 100vw, 768px\" \/><\/div>\n\t\t<\/a>\n\t\t\t\t<div class=\"elementor-post__text\">\n\t\t\t\t<h3 class=\"elementor-post__title\">\n\t\t\t<a href=\"https:\/\/www.grupoipg.com\/en\/las-8-sillas-mas-iconicas-del-siglo-20\/\">\n\t\t\t\tLas 8 sillas mas ic\u00f3nicas del siglo 20 que puedes tener en casa.\t\t\t<\/a>\n\t\t<\/h3>\n\t\t\t\t<div class=\"elementor-post__meta-data\">\n\t\t\t\t\t<span class=\"elementor-post-date\">\n\t\t\t06\/17\/2025\t\t<\/span>\n\t\t\t\t<span class=\"elementor-post-time\">\n\t\t\t12:36\t\t<\/span>\n\t\t\t\t<\/div>\n\t\t\t\t<div class=\"elementor-post__excerpt\">\n\t\t\t<p>M\u00e1s que cualquier otro mueble,\u00a0las sillas han sido la pieza<\/p>\n\t\t<\/div>\n\t\t\n\t\t<a class=\"elementor-post__read-more\" href=\"https:\/\/www.grupoipg.com\/en\/las-8-sillas-mas-iconicas-del-siglo-20\/\" aria-label=\"Read more about Las 8 sillas mas ic\u00f3nicas del siglo 20 que puedes tener en casa.\" tabindex=\"-1\">\n\t\t\tRead More &gt;&gt;\t\t<\/a>\n\n\t\t\t\t<\/div>\n\t\t\t\t<\/article>\n\t\t\t\t<article class=\"elementor-post elementor-grid-item post-32196 post type-post status-publish format-standard has-post-thumbnail hentry category-tarifa tag-playas tag-tarifa\">\n\t\t\t\t<a class=\"elementor-post__thumbnail__link\" href=\"https:\/\/www.grupoipg.com\/en\/7-ventajas-de-vivir-en-tarifa-2\/\" tabindex=\"-1\">\n\t\t\t<div class=\"elementor-post__thumbnail\"><img fetchpriority=\"high\" decoding=\"async\" width=\"768\" height=\"512\" src=\"https:\/\/www.grupoipg.com\/wp-content\/uploads\/2024\/07\/vista-pueblo-tarifa-playa_default-768x512.webp\" class=\"attachment-medium_large size-medium_large wp-image-32191\" alt=\"Tarifa inmobiliaria playa casa\" srcset=\"https:\/\/www.grupoipg.com\/wp-content\/uploads\/2024\/07\/vista-pueblo-tarifa-playa_default-768x512.webp 768w, https:\/\/www.grupoipg.com\/wp-content\/uploads\/2024\/07\/vista-pueblo-tarifa-playa_default-300x200.webp 300w, https:\/\/www.grupoipg.com\/wp-content\/uploads\/2024\/07\/vista-pueblo-tarifa-playa_default-1536x1024.webp 1536w, https:\/\/www.grupoipg.com\/wp-content\/uploads\/2024\/07\/vista-pueblo-tarifa-playa_default-2048x1365.webp 2048w, https:\/\/www.grupoipg.com\/wp-content\/uploads\/2024\/07\/vista-pueblo-tarifa-playa_default-18x12.webp 18w\" sizes=\"(max-width: 768px) 100vw, 768px\" \/><\/div>\n\t\t<\/a>\n\t\t\t\t<div class=\"elementor-post__text\">\n\t\t\t\t<h3 class=\"elementor-post__title\">\n\t\t\t<a href=\"https:\/\/www.grupoipg.com\/en\/7-ventajas-de-vivir-en-tarifa-2\/\">\n\t\t\t\t7 Ventajas de Vivir en Tarifa: Un Para\u00edso en la Costa Gaditana\t\t\t<\/a>\n\t\t<\/h3>\n\t\t\t\t<div class=\"elementor-post__meta-data\">\n\t\t\t\t\t<span class=\"elementor-post-date\">\n\t\t\t07\/22\/2024\t\t<\/span>\n\t\t\t\t<span class=\"elementor-post-time\">\n\t\t\t12:31\t\t<\/span>\n\t\t\t\t<\/div>\n\t\t\t\t<div class=\"elementor-post__excerpt\">\n\t\t\t<p>7 Ventajas de Vivir en Tarifa: Un Para\u00edso en la Costa Gaditana<\/p>\n\t\t<\/div>\n\t\t\n\t\t<a class=\"elementor-post__read-more\" href=\"https:\/\/www.grupoipg.com\/en\/7-ventajas-de-vivir-en-tarifa-2\/\" aria-label=\"Read more about 7 Ventajas de Vivir en Tarifa: Un Para\u00edso en la Costa Gaditana\" tabindex=\"-1\">\n\t\t\tRead More &gt;&gt;\t\t<\/a>\n\n\t\t\t\t<\/div>\n\t\t\t\t<\/article>\n\t\t\t\t<article class=\"elementor-post elementor-grid-item post-32153 post type-post status-publish format-standard has-post-thumbnail hentry category-sin-categoria\">\n\t\t\t\t<a class=\"elementor-post__thumbnail__link\" href=\"https:\/\/www.grupoipg.com\/en\/preguntas-frecuentes-sobre-la-compra-de-una-casa\/\" tabindex=\"-1\">\n\t\t\t<div class=\"elementor-post__thumbnail\"><img loading=\"lazy\" decoding=\"async\" width=\"626\" height=\"453\" src=\"https:\/\/www.grupoipg.com\/wp-content\/uploads\/2024\/07\/primer-plano-persona-pensando-comprar-o-vender-casa_181624-24928.avif\" class=\"attachment-medium_large size-medium_large wp-image-32156\" alt=\"Comprar una casa\" \/><\/div>\n\t\t<\/a>\n\t\t\t\t<div class=\"elementor-post__text\">\n\t\t\t\t<h3 class=\"elementor-post__title\">\n\t\t\t<a href=\"https:\/\/www.grupoipg.com\/en\/preguntas-frecuentes-sobre-la-compra-de-una-casa\/\">\n\t\t\t\t10 Preguntas Frecuentes sobre la Compra de una Casa\t\t\t<\/a>\n\t\t<\/h3>\n\t\t\t\t<div class=\"elementor-post__meta-data\">\n\t\t\t\t\t<span class=\"elementor-post-date\">\n\t\t\t07\/08\/2024\t\t<\/span>\n\t\t\t\t<span class=\"elementor-post-time\">\n\t\t\t19:17\t\t<\/span>\n\t\t\t\t<\/div>\n\t\t\t\t<div class=\"elementor-post__excerpt\">\n\t\t\t<p>Comprar una casa es una de las decisiones m\u00e1s importantes<\/p>\n\t\t<\/div>\n\t\t\n\t\t<a class=\"elementor-post__read-more\" href=\"https:\/\/www.grupoipg.com\/en\/preguntas-frecuentes-sobre-la-compra-de-una-casa\/\" aria-label=\"Read more about 10 Preguntas Frecuentes sobre la Compra de una Casa\" tabindex=\"-1\">\n\t\t\tRead More &gt;&gt;\t\t<\/a>\n\n\t\t\t\t<\/div>\n\t\t\t\t<\/article>\n\t\t\t\t<\/div>\n\t\t\n\t\t\t\t<div class=\"e-load-more-anchor\" data-page=\"1\" data-max-page=\"8\" data-next-page=\"https:\/\/www.grupoipg.com\/en\/wp-json\/wp\/v2\/pages\/1497\/page\/2\/\"><\/div>\n\t\t\t\t<nav class=\"elementor-pagination\" aria-label=\"Pagination\">\n\t\t\t<span class=\"page-numbers prev\">\"Previous<\/span>\n<a class=\"page-numbers next\" href=\"https:\/\/www.grupoipg.com\/en\/wp-json\/wp\/v2\/pages\/1497\/page\/2\/\">Next \"<\/a>\t\t<\/nav>\n\t\t\t\t\t\t<\/div>\n\t\t\t\t<\/div>\n\t\t\t\t\t<\/div>\n\t\t<\/div>\n\t\t\t\t\t<\/div>\n\t\t<\/section>\n\t\t\t\t<section class=\"elementor-section elementor-top-section elementor-element elementor-element-b01c21c elementor-section-boxed elementor-section-height-default elementor-section-height-default\" data-id=\"b01c21c\" data-element_type=\"section\" data-settings=\"{&quot;jet_parallax_layout_list&quot;:[]}\">\n\t\t\t\t\t\t<div class=\"elementor-container elementor-column-gap-default\">\n\t\t\t\t\t<div class=\"elementor-column elementor-col-100 elementor-top-column elementor-element elementor-element-74debbf\" data-id=\"74debbf\" data-element_type=\"column\">\n\t\t\t<div class=\"elementor-widget-wrap elementor-element-populated\">\n\t\t\t\t\t\t<div class=\"elementor-element elementor-element-942a12f elementor-widget elementor-widget-spacer\" data-id=\"942a12f\" data-element_type=\"widget\" data-widget_type=\"spacer.default\">\n\t\t\t\t<div class=\"elementor-widget-container\">\n\t\t\t\t\t\t\t<div class=\"elementor-spacer\">\n\t\t\t<div class=\"elementor-spacer-inner\"><\/div>\n\t\t<\/div>\n\t\t\t\t\t\t<\/div>\n\t\t\t\t<\/div>\n\t\t\t\t\t<\/div>\n\t\t<\/div>\n\t\t\t\t\t<\/div>\n\t\t<\/section>\n\t\t\t\t<section class=\"elementor-section elementor-top-section elementor-element elementor-element-402c4fd elementor-section-boxed elementor-section-height-default elementor-section-height-default\" data-id=\"402c4fd\" data-element_type=\"section\" data-settings=\"{&quot;jet_parallax_layout_list&quot;:[]}\">\n\t\t\t\t\t\t<div class=\"elementor-container elementor-column-gap-default\">\n\t\t\t\t\t<div class=\"elementor-column elementor-col-50 elementor-top-column elementor-element elementor-element-525fdad\" data-id=\"525fdad\" data-element_type=\"column\">\n\t\t\t<div class=\"elementor-widget-wrap elementor-element-populated\">\n\t\t\t\t\t\t<div class=\"elementor-element elementor-element-f1684b4 elementor-align-center elementor-widget elementor-widget-button\" data-id=\"f1684b4\" data-element_type=\"widget\" data-widget_type=\"button.default\">\n\t\t\t\t<div class=\"elementor-widget-container\">\n\t\t\t\t\t\t\t\t\t<div class=\"elementor-button-wrapper\">\n\t\t\t\t\t<a class=\"elementor-button elementor-button-link elementor-size-sm\" href=\"https:\/\/www.grupoipg.com\/en\/comprar-casas-en-tarifa\/\">\n\t\t\t\t\t\t<span class=\"elementor-button-content-wrapper\">\n\t\t\t\t\t\t\t\t\t<span class=\"elementor-button-text\">Properties in Tarifa<\/span>\n\t\t\t\t\t<\/span>\n\t\t\t\t\t<\/a>\n\t\t\t\t<\/div>\n\t\t\t\t\t\t\t\t<\/div>\n\t\t\t\t<\/div>\n\t\t\t\t\t<\/div>\n\t\t<\/div>\n\t\t\t\t<div class=\"elementor-column elementor-col-50 elementor-top-column elementor-element elementor-element-b6d6ef3\" data-id=\"b6d6ef3\" data-element_type=\"column\">\n\t\t\t<div class=\"elementor-widget-wrap elementor-element-populated\">\n\t\t\t\t\t\t<div class=\"elementor-element elementor-element-2d541d5 elementor-align-center elementor-widget elementor-widget-button\" data-id=\"2d541d5\" data-element_type=\"widget\" data-widget_type=\"button.default\">\n\t\t\t\t<div class=\"elementor-widget-container\">\n\t\t\t\t\t\t\t\t\t<div class=\"elementor-button-wrapper\">\n\t\t\t\t\t<a class=\"elementor-button elementor-button-link elementor-size-sm\" href=\"https:\/\/www.grupoipg.com\/en\/comprar-casas-en-estepona\/\">\n\t\t\t\t\t\t<span class=\"elementor-button-content-wrapper\">\n\t\t\t\t\t\t\t\t\t<span class=\"elementor-button-text\">Properties in Estepona<\/span>\n\t\t\t\t\t<\/span>\n\t\t\t\t\t<\/a>\n\t\t\t\t<\/div>\n\t\t\t\t\t\t\t\t<\/div>\n\t\t\t\t<\/div>\n\t\t\t\t\t<\/div>\n\t\t<\/div>\n\t\t\t\t\t<\/div>\n\t\t<\/section>\n\t\t\t\t<\/div>","protected":false},"excerpt":{"rendered":"<p>Blog inmobiliario de IPG Encuentra las \u00faltimas noticias relacionadas con el sector inmobiliario. Eventos, trucos y consejos del sector inmobiliario que seguro te ayudan a entender mejor como funciona el sector.\u00a0 Propiedades en Tarifa Propiedades en Estepona<\/p>","protected":false},"author":1,"featured_media":32126,"parent":0,"menu_order":0,"comment_status":"closed","ping_status":"closed","template":"","meta":{"googlesitekit_rrm_CAowhsjADA:productID":"","footnotes":""},"class_list":["post-1497","page","type-page","status-publish","has-post-thumbnail","hentry"],"_links":{"self":[{"href":"https:\/\/www.grupoipg.com\/en\/wp-json\/wp\/v2\/pages\/1497","targetHints":{"allow":["GET"]}}],"collection":[{"href":"https:\/\/www.grupoipg.com\/en\/wp-json\/wp\/v2\/pages"}],"about":[{"href":"https:\/\/www.grupoipg.com\/en\/wp-json\/wp\/v2\/types\/page"}],"author":[{"embeddable":true,"href":"https:\/\/www.grupoipg.com\/en\/wp-json\/wp\/v2\/users\/1"}],"replies":[{"embeddable":true,"href":"https:\/\/www.grupoipg.com\/en\/wp-json\/wp\/v2\/comments?post=1497"}],"version-history":[{"count":0,"href":"https:\/\/www.grupoipg.com\/en\/wp-json\/wp\/v2\/pages\/1497\/revisions"}],"wp:featuredmedia":[{"embeddable":true,"href":"https:\/\/www.grupoipg.com\/en\/wp-json\/wp\/v2\/media\/32126"}],"wp:attachment":[{"href":"https:\/\/www.grupoipg.com\/en\/wp-json\/wp\/v2\/media?parent=1497"}],"curies":[{"name":"wp","href":"https:\/\/api.w.org\/{rel}","templated":true}]}}